{"id":94,"date":"2025-03-14T17:56:08","date_gmt":"2025-03-14T17:56:08","guid":{"rendered":"https:\/\/www.rlnv.fi\/?page_id=94"},"modified":"2025-03-14T17:56:09","modified_gmt":"2025-03-14T17:56:09","slug":"rekisteri-ja-tietosuojaseloste","status":"publish","type":"page","link":"https:\/\/www.rlnv.fi\/index.php\/rekisteri-ja-tietosuojaseloste\/","title":{"rendered":"Rekisteri- ja tietosuojaseloste"},"content":{"rendered":"\n<p><\/p>\n\n\n\n<p>T\u00e4m\u00e4 on\u00a0Yrityksen\u00a0EU:n yleisen tietosuoja-asetuksen (GDPR) mukainen rekisteri- ja tietosuojaseloste. Laadittu\u00a014.03.2025. Viimeisin muutos\u00a014.03.2025.<\/p>\n\n\n\n<p><\/p>\n\n\n\n<h3 class=\"wp-block-heading\">1. Rekisterinpit\u00e4j\u00e4<\/h3>\n\n\n\n<p>Vescon Group Oy<br>K\u00e4ik\u00e4l\u00e4ntie 4, 13300 H\u00c4MEENLINNA<br>Y-tunnus:\u00a0<strong>3143802-1<\/strong><\/p>\n\n\n\n<p>Muut yhteystiedot<\/p>\n\n\n\n<h3 class=\"wp-block-heading\">2. Rekisterist\u00e4 vastaava yhteyshenkil\u00f6<\/h3>\n\n\n\n<p>Henrik Nuotio, henrik.nuotio@rlnv.fi, 044 516 3414<\/p>\n\n\n\n<p><\/p>\n\n\n\n<h3 class=\"wp-block-heading\">3. Rekister\u00f6idyt<\/h3>\n\n\n\n<p>Asiakkaat ( my\u00f6s tulevat) , henkil\u00f6st\u00f6, yhteisty\u00f6kumppanit<\/p>\n\n\n\n<p><\/p>\n\n\n\n<h3 class=\"wp-block-heading\">4. Oikeusperuste ja henkil\u00f6tietojen k\u00e4sittelyn tarkoitus<\/h3>\n\n\n\n<p>Rekisterin pit\u00e4misen peruste:&nbsp;<\/p>\n\n\n\n<ul class=\"wp-block-list\">\n<li>Henkil\u00f6tietoja k\u00e4sitell\u00e4\u00e4n rekister\u00f6idyn asiakassuhteen perusteella\u00a0\u00a0<\/li>\n\n\n\n<li>Henkil\u00f6tietoja k\u00e4sitell\u00e4\u00e4n ty\u00f6suhteen ja\/tai vuokraty\u00f6suhteen perusteella<\/li>\n\n\n\n<li>Henkil\u00f6tietoja k\u00e4sitell\u00e4\u00e4n suostumuksen perusteella (esim. messuilla ker\u00e4tty potentiaalilista, lomakkeelle kysytty lupa markkinointiin)\u00a0<\/li>\n<\/ul>\n\n\n\n<p><strong>Henkil\u00f6tietojen k\u00e4sittelyn ja rekisterin k\u00e4ytt\u00f6tarkoitus&nbsp;<\/strong><\/p>\n\n\n\n<p>Henkil\u00f6tietoja k\u00e4sitell\u00e4\u00e4n vain ennalta m\u00e4\u00e4riteltyihin tarkoituksiin, jotka ovat seuraavat:&nbsp;&nbsp;<\/p>\n\n\n\n<ul class=\"wp-block-list\">\n<li>palveluistamme kertominen\u00a0<\/li>\n\n\n\n<li>asiakassuhteen hoitaminen\u00a0<\/li>\n\n\n\n<li>ty\u00f6suhteen tai vuokraty\u00f6suhteen hoitaminen<\/li>\n<\/ul>\n\n\n\n<p>Tietoja ei k\u00e4ytet\u00e4 automatisoituun p\u00e4\u00e4t\u00f6ksentekoon tai profilointiin.&nbsp;<\/p>\n\n\n\n<p><\/p>\n\n\n\n<h3 class=\"wp-block-heading\">5. Rekisterin tietosis\u00e4lt\u00f6<\/h3>\n\n\n\n<p>Mahdollisia rekisteriin tallennettavia tietoja ovat:\u00a0henkil\u00f6n nimi, asema, yritys\/organisaatio, yhteystiedot (puhelinnumero, s\u00e4hk\u00f6postiosoite, osoite), www-sivustojen osoitteet, verkkoyhteyden IP-osoite, tunnukset\/profiilit sosiaalisen median palveluissa, tiedot tilatuista palveluista ja niiden muutoksista, laskutustiedot, muut asiakassuhteeseen ja tilattuihin palveluihin liittyv\u00e4t tiedot.<\/p>\n\n\n\n<p>Verkkosivuston vierailijoiden IP-osoitteita ja palvelun toiminnoille v\u00e4ltt\u00e4m\u00e4tt\u00f6mi\u00e4 ev\u00e4steit\u00e4 k\u00e4sitell\u00e4\u00e4n oikeutetun edun perusteella mm. tietoturvasta huolehtimiseksi ja sivuston vierailijoiden tilastotietojen keruuta varten niiss\u00e4 tapauksissa, kun niiden voidaan katsoa olevan henkil\u00f6tietoja. Kolmansien osapuolten ev\u00e4steille pyydet\u00e4\u00e4n tarvittaessa suostumus erikseen.<\/p>\n\n\n\n<p>Voimme ker\u00e4t\u00e4 k\u00e4ytt\u00e4j\u00e4n p\u00e4\u00e4telaitetta koskevia tietoja ev\u00e4steiden (\u201ccookies\u201d) ja muiden vastaavien tekniikoiden, kuten selaimen paikallisen tietovaraston, avulla. Ev\u00e4ste on pieni tekstitiedosto, jonka selain tallentaa k\u00e4ytt\u00e4j\u00e4n p\u00e4\u00e4telaitteelle. Ev\u00e4steet sis\u00e4lt\u00e4v\u00e4t usein nimett\u00f6m\u00e4n, yksil\u00f6llisen tunnisteen, jonka avulla voimme tunnistaa ja laskea sivustollamme vierailevat selaimet.<\/p>\n\n\n\n<p>Nettisivumme k\u00e4ytt\u00e4\u00e4 Google Analytics \u2013ev\u00e4steit\u00e4. N\u00e4iden ev\u00e4steiden ker\u00e4\u00e4m\u00e4t tiedot siirret\u00e4\u00e4n ja tallennetaan Googlen palvelimille, joista osa saattaa sijaita EU:n ulkopuolella ja joihin t\u00e4ss\u00e4 tapauksessa sovelletaan paikallista tietosuojalains\u00e4\u00e4d\u00e4nt\u00f6\u00e4. Lis\u00e4tietoja Googlen yksityisyysk\u00e4yt\u00e4nn\u00f6ist\u00e4 ja Google Analyticsin k\u00e4yt\u00f6st\u00e4:<\/p>\n\n\n\n<p>Google Analytics privacy overview (<a href=\"https:\/\/support.google.com\/analytics\/answer\/6004245\">https:\/\/support.google.com\/analytics\/answer\/6004245<\/a>)<\/p>\n\n\n\n<p>Opt out of Google Analytics tracking (<a href=\"https:\/\/tools.google.com\/dlpage\/gaoptout?hl=en=GB\">https:\/\/tools.google.com\/dlpage\/gaoptout?hl=en=GB<\/a>)<\/p>\n\n\n\n<p><\/p>\n\n\n\n<h3 class=\"wp-block-heading\">6. S\u00e4\u00e4nn\u00f6nmukaiset tietol\u00e4hteet<\/h3>\n\n\n\n<p>Rekisteriin tallennettavat tiedot saadaan asiakkaalta mm. www-lomakkeilla l\u00e4hetetyist\u00e4 viesteist\u00e4, s\u00e4hk\u00f6postitse, puhelimitse, sosiaalisen median palvelujen kautta, sopimuksista, asiakastapaamisista ja muista tilanteista, joissa asiakas luovuttaa tietojaan.<\/p>\n\n\n\n<p>Yritysten ja muiden organisaatioiden yhteyshenkil\u00f6iden tietoja voidaan ker\u00e4t\u00e4 my\u00f6s julkisista l\u00e4hteist\u00e4 kuten verkkosivuilta, hakemistopalveluista ja muilta yrityksilt\u00e4.<\/p>\n\n\n\n<p><\/p>\n\n\n\n<h3 class=\"wp-block-heading\">7. Tietojen s\u00e4\u00e4nn\u00f6nmukaiset luovutukset ja tietojen siirto EU:n tai ETA:n ulkopuolelle<\/h3>\n\n\n\n<p>Tietoja ei luovuteta s\u00e4\u00e4nn\u00f6nmukaisesti muille tahoille. Tietoja voidaan julkaista silt\u00e4 osin kuin niin on sovittu asiakkaan kanssa.<\/p>\n\n\n\n<p>Tietoja voidaan siirt\u00e4\u00e4 rekisterinpit\u00e4j\u00e4n toimesta my\u00f6s EU:n tai ETA:n ulkopuolelle.&nbsp;Tietoja ei siirret\u00e4 Yhdysvaltoihin ilman rekister\u00f6ityjen nimenomaista suostumusta.<\/p>\n\n\n\n<p><\/p>\n\n\n\n<h3 class=\"wp-block-heading\">8. Rekisterin suojauksen periaatteet<\/h3>\n\n\n\n<p>Rekisterin k\u00e4sittelyss\u00e4 noudatetaan huolellisuutta ja tietoj\u00e4rjestelmien avulla k\u00e4sitelt\u00e4v\u00e4t tiedot suojataan asianmukaisesti. Kun rekisteritietoja s\u00e4ilytet\u00e4\u00e4n Internet-palvelimilla, niiden laitteiston fyysisest\u00e4 ja digitaalisesta tietoturvasta huolehditaan asiaankuuluvasti. Rekisterinpit\u00e4j\u00e4 huolehtii siit\u00e4, ett\u00e4 tallennettuja tietoja sek\u00e4 palvelimien k\u00e4ytt\u00f6oikeuksia ja muita henkil\u00f6tietojen turvallisuuden kannalta kriittisi\u00e4 tietoja k\u00e4sitell\u00e4\u00e4n luottamuksellisesti ja vain niiden ty\u00f6ntekij\u00f6iden toimesta, joiden ty\u00f6nkuvaan se kuuluu.<\/p>\n\n\n\n<p><\/p>\n\n\n\n<h3 class=\"wp-block-heading\">9. Tarkastusoikeus ja oikeus vaatia tiedon korjaamista<\/h3>\n\n\n\n<p>Jokaisella rekisteriss\u00e4 olevalla henkil\u00f6ll\u00e4 on oikeus tarkistaa rekisteriin tallennetut tietonsa ja vaatia mahdollisen virheellisen tiedon korjaamista tai puutteellisen tiedon t\u00e4ydent\u00e4mist\u00e4. Mik\u00e4li henkil\u00f6 haluaa tarkistaa h\u00e4nest\u00e4 tallennetut tiedot tai vaatia niihin oikaisua, pyynt\u00f6 tulee&nbsp;l\u00e4hett\u00e4\u00e4 kirjallisesti&nbsp;rekisterinpit\u00e4j\u00e4lle. Rekisterinpit\u00e4j\u00e4 voi pyyt\u00e4\u00e4 tarvittaessa pyynn\u00f6n esitt\u00e4j\u00e4\u00e4 todistamaan henkil\u00f6llisyytens\u00e4. Rekisterinpit\u00e4j\u00e4 vastaa asiakkaalle EU:n tietosuoja-asetuksessa s\u00e4\u00e4detyss\u00e4 ajassa (p\u00e4\u00e4s\u00e4\u00e4nt\u00f6isesti kuukauden kuluessa).<\/p>\n\n\n\n<p><\/p>\n\n\n\n<h3 class=\"wp-block-heading\">10. Muut henkil\u00f6tietojen k\u00e4sittelyyn liittyv\u00e4t oikeudet<\/h3>\n\n\n\n<p>Rekisteriss\u00e4 olevalla henkil\u00f6ll\u00e4 on oikeus pyyt\u00e4\u00e4 h\u00e4nt\u00e4 koskevien henkil\u00f6tietojen poistamiseen rekisterist\u00e4 (&#8221;oikeus tulla unohdetuksi&#8221;). Niin ik\u00e4\u00e4n rekister\u00f6idyill\u00e4 on muut&nbsp;<a href=\"http:\/\/eur-lex.europa.eu\/legal-content\/FI\/TXT\/?uri=CELEX%3A32016R0679#d1e2144-1-1\" target=\"_blank\" rel=\"noreferrer noopener\">EU:n yleisen tietosuoja-asetuksen mukaiset oikeudet<\/a>&nbsp;kuten henkil\u00f6tietojen k\u00e4sittelyn rajoittaminen tietyiss\u00e4 tilanteissa. Pyynn\u00f6t tulee&nbsp;l\u00e4hett\u00e4\u00e4 kirjallisesti&nbsp;rekisterinpit\u00e4j\u00e4lle. Rekisterinpit\u00e4j\u00e4 voi pyyt\u00e4\u00e4 tarvittaessa pyynn\u00f6n esitt\u00e4j\u00e4\u00e4 todistamaan henkil\u00f6llisyytens\u00e4. Rekisterinpit\u00e4j\u00e4 vastaa asiakkaalle EU:n tietosuoja-asetuksessa s\u00e4\u00e4detyss\u00e4 ajassa (p\u00e4\u00e4s\u00e4\u00e4nt\u00f6isesti kuukauden kuluessa).<\/p>\n","protected":false},"excerpt":{"rendered":"<p>T\u00e4m\u00e4 on\u00a0Yrityksen\u00a0EU:n yleisen tietosuoja-asetuksen (GDPR) mukainen rekisteri- ja tietosuojaseloste. Laadittu\u00a014.03.2025. Viimeisin muutos\u00a014.03.2025. 1. Rekisterinpit\u00e4j\u00e4 Vescon Group OyK\u00e4ik\u00e4l\u00e4ntie 4, 13300 H\u00c4MEENLINNAY-tunnus:\u00a03143802-1 Muut yhteystiedot 2. Rekisterist\u00e4 vastaava yhteyshenkil\u00f6 Henrik Nuotio, henrik.nuotio@rlnv.fi, 044 516 3414 3. Rekister\u00f6idyt Asiakkaat ( my\u00f6s tulevat) , henkil\u00f6st\u00f6, yhteisty\u00f6kumppanit 4. Oikeusperuste ja henkil\u00f6tietojen k\u00e4sittelyn tarkoitus Rekisterin pit\u00e4misen peruste:&nbsp; Henkil\u00f6tietojen k\u00e4sittelyn ja rekisterin k\u00e4ytt\u00f6tarkoitus&nbsp; [&hellip;]<\/p>\n","protected":false},"author":1,"featured_media":0,"parent":0,"menu_order":0,"comment_status":"closed","ping_status":"closed","template":"","meta":{"footnotes":""},"class_list":["post-94","page","type-page","status-publish","hentry"],"yoast_head":"<!-- This site is optimized with the Yoast SEO plugin v26.8 - https:\/\/yoast.com\/product\/yoast-seo-wordpress\/ -->\n<title>Rekisteri- ja tietosuojaseloste - RAKENNUSLIIKE NUOTIO &amp; VESTERLUND<\/title>\n<meta name=\"robots\" content=\"index, follow, max-snippet:-1, max-image-preview:large, max-video-preview:-1\" \/>\n<link rel=\"canonical\" href=\"http:\/\/www.rlnv.fi\/index.php\/rekisteri-ja-tietosuojaseloste\/\" \/>\n<meta property=\"og:locale\" content=\"fi_FI\" \/>\n<meta property=\"og:type\" content=\"article\" \/>\n<meta property=\"og:title\" content=\"Rekisteri- ja tietosuojaseloste - RAKENNUSLIIKE NUOTIO &amp; VESTERLUND\" \/>\n<meta property=\"og:description\" content=\"T\u00e4m\u00e4 on\u00a0Yrityksen\u00a0EU:n yleisen tietosuoja-asetuksen (GDPR) mukainen rekisteri- ja tietosuojaseloste. Laadittu\u00a014.03.2025. Viimeisin muutos\u00a014.03.2025. 1. Rekisterinpit\u00e4j\u00e4 Vescon Group OyK\u00e4ik\u00e4l\u00e4ntie 4, 13300 H\u00c4MEENLINNAY-tunnus:\u00a03143802-1 Muut yhteystiedot 2. Rekisterist\u00e4 vastaava yhteyshenkil\u00f6 Henrik Nuotio, henrik.nuotio@rlnv.fi, 044 516 3414 3. Rekister\u00f6idyt Asiakkaat ( my\u00f6s tulevat) , henkil\u00f6st\u00f6, yhteisty\u00f6kumppanit 4. Oikeusperuste ja henkil\u00f6tietojen k\u00e4sittelyn tarkoitus Rekisterin pit\u00e4misen peruste:&nbsp; Henkil\u00f6tietojen k\u00e4sittelyn ja rekisterin k\u00e4ytt\u00f6tarkoitus&nbsp; [&hellip;]\" \/>\n<meta property=\"og:url\" content=\"http:\/\/www.rlnv.fi\/index.php\/rekisteri-ja-tietosuojaseloste\/\" \/>\n<meta property=\"og:site_name\" content=\"RAKENNUSLIIKE NUOTIO &amp; VESTERLUND\" \/>\n<meta property=\"article:modified_time\" content=\"2025-03-14T17:56:09+00:00\" \/>\n<meta name=\"twitter:card\" content=\"summary_large_image\" \/>\n<meta name=\"twitter:label1\" content=\"Arvioitu lukuaika\" \/>\n\t<meta name=\"twitter:data1\" content=\"4 minuuttia\" \/>\n<script type=\"application\/ld+json\" class=\"yoast-schema-graph\">{\"@context\":\"https:\/\/schema.org\",\"@graph\":[{\"@type\":\"WebPage\",\"@id\":\"http:\/\/www.rlnv.fi\/index.php\/rekisteri-ja-tietosuojaseloste\/\",\"url\":\"http:\/\/www.rlnv.fi\/index.php\/rekisteri-ja-tietosuojaseloste\/\",\"name\":\"Rekisteri- ja tietosuojaseloste - RAKENNUSLIIKE NUOTIO &amp; VESTERLUND\",\"isPartOf\":{\"@id\":\"https:\/\/www.rlnv.fi\/#website\"},\"datePublished\":\"2025-03-14T17:56:08+00:00\",\"dateModified\":\"2025-03-14T17:56:09+00:00\",\"breadcrumb\":{\"@id\":\"http:\/\/www.rlnv.fi\/index.php\/rekisteri-ja-tietosuojaseloste\/#breadcrumb\"},\"inLanguage\":\"fi\",\"potentialAction\":[{\"@type\":\"ReadAction\",\"target\":[\"http:\/\/www.rlnv.fi\/index.php\/rekisteri-ja-tietosuojaseloste\/\"]}]},{\"@type\":\"BreadcrumbList\",\"@id\":\"http:\/\/www.rlnv.fi\/index.php\/rekisteri-ja-tietosuojaseloste\/#breadcrumb\",\"itemListElement\":[{\"@type\":\"ListItem\",\"position\":1,\"name\":\"Etusivu\",\"item\":\"https:\/\/www.rlnv.fi\/\"},{\"@type\":\"ListItem\",\"position\":2,\"name\":\"Rekisteri- ja tietosuojaseloste\"}]},{\"@type\":\"WebSite\",\"@id\":\"https:\/\/www.rlnv.fi\/#website\",\"url\":\"https:\/\/www.rlnv.fi\/\",\"name\":\"RAKENNUSLIIKE NUOTIO &amp; VESTERLUND\",\"description\":\"RAKENNUSLIIKE NUOTIO &amp; VESTERLUND\",\"publisher\":{\"@id\":\"https:\/\/www.rlnv.fi\/#organization\"},\"potentialAction\":[{\"@type\":\"SearchAction\",\"target\":{\"@type\":\"EntryPoint\",\"urlTemplate\":\"https:\/\/www.rlnv.fi\/?s={search_term_string}\"},\"query-input\":{\"@type\":\"PropertyValueSpecification\",\"valueRequired\":true,\"valueName\":\"search_term_string\"}}],\"inLanguage\":\"fi\"},{\"@type\":\"Organization\",\"@id\":\"https:\/\/www.rlnv.fi\/#organization\",\"name\":\"RAKENNUSLIIKE NUOTIO &amp; VESTERLUND\",\"url\":\"https:\/\/www.rlnv.fi\/\",\"logo\":{\"@type\":\"ImageObject\",\"inLanguage\":\"fi\",\"@id\":\"https:\/\/www.rlnv.fi\/#\/schema\/logo\/image\/\",\"url\":\"https:\/\/www.rlnv.fi\/wp-content\/uploads\/2025\/03\/testi_logo_vaaka.png\",\"contentUrl\":\"https:\/\/www.rlnv.fi\/wp-content\/uploads\/2025\/03\/testi_logo_vaaka.png\",\"width\":1381,\"height\":387,\"caption\":\"RAKENNUSLIIKE NUOTIO &amp; VESTERLUND\"},\"image\":{\"@id\":\"https:\/\/www.rlnv.fi\/#\/schema\/logo\/image\/\"}}]}<\/script>\n<!-- \/ Yoast SEO plugin. -->","yoast_head_json":{"title":"Rekisteri- ja tietosuojaseloste - RAKENNUSLIIKE NUOTIO &amp; VESTERLUND","robots":{"index":"index","follow":"follow","max-snippet":"max-snippet:-1","max-image-preview":"max-image-preview:large","max-video-preview":"max-video-preview:-1"},"canonical":"http:\/\/www.rlnv.fi\/index.php\/rekisteri-ja-tietosuojaseloste\/","og_locale":"fi_FI","og_type":"article","og_title":"Rekisteri- ja tietosuojaseloste - RAKENNUSLIIKE NUOTIO &amp; VESTERLUND","og_description":"T\u00e4m\u00e4 on\u00a0Yrityksen\u00a0EU:n yleisen tietosuoja-asetuksen (GDPR) mukainen rekisteri- ja tietosuojaseloste. Laadittu\u00a014.03.2025. Viimeisin muutos\u00a014.03.2025. 1. Rekisterinpit\u00e4j\u00e4 Vescon Group OyK\u00e4ik\u00e4l\u00e4ntie 4, 13300 H\u00c4MEENLINNAY-tunnus:\u00a03143802-1 Muut yhteystiedot 2. Rekisterist\u00e4 vastaava yhteyshenkil\u00f6 Henrik Nuotio, henrik.nuotio@rlnv.fi, 044 516 3414 3. Rekister\u00f6idyt Asiakkaat ( my\u00f6s tulevat) , henkil\u00f6st\u00f6, yhteisty\u00f6kumppanit 4. Oikeusperuste ja henkil\u00f6tietojen k\u00e4sittelyn tarkoitus Rekisterin pit\u00e4misen peruste:&nbsp; Henkil\u00f6tietojen k\u00e4sittelyn ja rekisterin k\u00e4ytt\u00f6tarkoitus&nbsp; [&hellip;]","og_url":"http:\/\/www.rlnv.fi\/index.php\/rekisteri-ja-tietosuojaseloste\/","og_site_name":"RAKENNUSLIIKE NUOTIO &amp; VESTERLUND","article_modified_time":"2025-03-14T17:56:09+00:00","twitter_card":"summary_large_image","twitter_misc":{"Arvioitu lukuaika":"4 minuuttia"},"schema":{"@context":"https:\/\/schema.org","@graph":[{"@type":"WebPage","@id":"http:\/\/www.rlnv.fi\/index.php\/rekisteri-ja-tietosuojaseloste\/","url":"http:\/\/www.rlnv.fi\/index.php\/rekisteri-ja-tietosuojaseloste\/","name":"Rekisteri- ja tietosuojaseloste - RAKENNUSLIIKE NUOTIO &amp; VESTERLUND","isPartOf":{"@id":"https:\/\/www.rlnv.fi\/#website"},"datePublished":"2025-03-14T17:56:08+00:00","dateModified":"2025-03-14T17:56:09+00:00","breadcrumb":{"@id":"http:\/\/www.rlnv.fi\/index.php\/rekisteri-ja-tietosuojaseloste\/#breadcrumb"},"inLanguage":"fi","potentialAction":[{"@type":"ReadAction","target":["http:\/\/www.rlnv.fi\/index.php\/rekisteri-ja-tietosuojaseloste\/"]}]},{"@type":"BreadcrumbList","@id":"http:\/\/www.rlnv.fi\/index.php\/rekisteri-ja-tietosuojaseloste\/#breadcrumb","itemListElement":[{"@type":"ListItem","position":1,"name":"Etusivu","item":"https:\/\/www.rlnv.fi\/"},{"@type":"ListItem","position":2,"name":"Rekisteri- ja tietosuojaseloste"}]},{"@type":"WebSite","@id":"https:\/\/www.rlnv.fi\/#website","url":"https:\/\/www.rlnv.fi\/","name":"RAKENNUSLIIKE NUOTIO &amp; VESTERLUND","description":"RAKENNUSLIIKE NUOTIO &amp; VESTERLUND","publisher":{"@id":"https:\/\/www.rlnv.fi\/#organization"},"potentialAction":[{"@type":"SearchAction","target":{"@type":"EntryPoint","urlTemplate":"https:\/\/www.rlnv.fi\/?s={search_term_string}"},"query-input":{"@type":"PropertyValueSpecification","valueRequired":true,"valueName":"search_term_string"}}],"inLanguage":"fi"},{"@type":"Organization","@id":"https:\/\/www.rlnv.fi\/#organization","name":"RAKENNUSLIIKE NUOTIO &amp; VESTERLUND","url":"https:\/\/www.rlnv.fi\/","logo":{"@type":"ImageObject","inLanguage":"fi","@id":"https:\/\/www.rlnv.fi\/#\/schema\/logo\/image\/","url":"https:\/\/www.rlnv.fi\/wp-content\/uploads\/2025\/03\/testi_logo_vaaka.png","contentUrl":"https:\/\/www.rlnv.fi\/wp-content\/uploads\/2025\/03\/testi_logo_vaaka.png","width":1381,"height":387,"caption":"RAKENNUSLIIKE NUOTIO &amp; VESTERLUND"},"image":{"@id":"https:\/\/www.rlnv.fi\/#\/schema\/logo\/image\/"}}]}},"_links":{"self":[{"href":"https:\/\/www.rlnv.fi\/index.php\/wp-json\/wp\/v2\/pages\/94","targetHints":{"allow":["GET"]}}],"collection":[{"href":"https:\/\/www.rlnv.fi\/index.php\/wp-json\/wp\/v2\/pages"}],"about":[{"href":"https:\/\/www.rlnv.fi\/index.php\/wp-json\/wp\/v2\/types\/page"}],"author":[{"embeddable":true,"href":"https:\/\/www.rlnv.fi\/index.php\/wp-json\/wp\/v2\/users\/1"}],"replies":[{"embeddable":true,"href":"https:\/\/www.rlnv.fi\/index.php\/wp-json\/wp\/v2\/comments?post=94"}],"version-history":[{"count":1,"href":"https:\/\/www.rlnv.fi\/index.php\/wp-json\/wp\/v2\/pages\/94\/revisions"}],"predecessor-version":[{"id":95,"href":"https:\/\/www.rlnv.fi\/index.php\/wp-json\/wp\/v2\/pages\/94\/revisions\/95"}],"wp:attachment":[{"href":"https:\/\/www.rlnv.fi\/index.php\/wp-json\/wp\/v2\/media?parent=94"}],"curies":[{"name":"wp","href":"https:\/\/api.w.org\/{rel}","templated":true}]}}